{"id":1478,"date":"2022-01-23T20:32:46","date_gmt":"2022-01-23T17:32:46","guid":{"rendered":"https:\/\/vergitax.com.tr\/?page_id=1478"},"modified":"2022-02-25T14:39:06","modified_gmt":"2022-02-25T11:39:06","slug":"otv-tecil-terkin-tasdiki","status":"publish","type":"page","link":"https:\/\/vergitax.com.tr\/en\/hizmetlerimiz\/vergi-ve-tasdik-hizmetleri\/otv-tecil-terkin-tasdiki\/","title":{"rendered":"Confirmation of Special Consumption Tax Deferment-Cancellation"},"content":{"rendered":"<p>Services we provide regarding Special Consumption Tax Law obligations:<\/p>\n<ul>\n<li>Certification report for marine fuel with non-zero Special Consumption Tax<\/li>\n<li>Special Consumption Tax production deferment-cancellation report<\/li>\n<li>Special Consumption Tax refund and offset transactions<\/li>\n<li>Bioethanol production certification report<\/li>\n<li>Bioethanol gasoline activity certification report of blenders<\/li>\n<li>Activity certification report regarding special consumption tax exemption in diesel deliveries to vehicles carrying export goods, etc.<\/li>\n<\/ul>","protected":false},"excerpt":{"rendered":"<p>\u00d6zel T\u00fcketim Vergisi Kanunu y\u00fck\u00fcml\u00fcl\u00fckleri ile ilgili verdi\u011fimiz hizmetler: \u00d6zel T\u00fcketim Vergisi s\u0131f\u0131rlanmam\u0131\u015f deniz yak\u0131t\u0131 tasdik raporu \u00d6zel T\u00fcketim Vergisi \u00fcretim tecil-terkin raporu \u00d6zel T\u00fcketim Vergisi iade ve mahsup i\u015flemleri Biyoetanol \u00fcretim tasdik raporu Harmanlay\u0131c\u0131lara ait biyoetanoll\u00fc benzin faaliyet tasdik raporu \u0130hra\u00e7 mal\u0131 ta\u015f\u0131yan ara\u00e7lara motorin teslimlerinde \u00f6zel t\u00fcketim vergisi istisnas\u0131na ili\u015fkin faaliyet tasdik raporu [&#8230;]","protected":false},"author":1,"featured_media":0,"parent":1470,"menu_order":0,"comment_status":"closed","ping_status":"closed","template":"","meta":{"footnotes":""},"class_list":["post-1478","page","type-page","status-publish","hentry"],"_links":{"self":[{"href":"https:\/\/vergitax.com.tr\/en\/wp-json\/wp\/v2\/pages\/1478","targetHints":{"allow":["GET"]}}],"collection":[{"href":"https:\/\/vergitax.com.tr\/en\/wp-json\/wp\/v2\/pages"}],"about":[{"href":"https:\/\/vergitax.com.tr\/en\/wp-json\/wp\/v2\/types\/page"}],"author":[{"embeddable":true,"href":"https:\/\/vergitax.com.tr\/en\/wp-json\/wp\/v2\/users\/1"}],"replies":[{"embeddable":true,"href":"https:\/\/vergitax.com.tr\/en\/wp-json\/wp\/v2\/comments?post=1478"}],"version-history":[{"count":2,"href":"https:\/\/vergitax.com.tr\/en\/wp-json\/wp\/v2\/pages\/1478\/revisions"}],"predecessor-version":[{"id":1993,"href":"https:\/\/vergitax.com.tr\/en\/wp-json\/wp\/v2\/pages\/1478\/revisions\/1993"}],"up":[{"embeddable":true,"href":"https:\/\/vergitax.com.tr\/en\/wp-json\/wp\/v2\/pages\/1470"}],"wp:attachment":[{"href":"https:\/\/vergitax.com.tr\/en\/wp-json\/wp\/v2\/media?parent=1478"}],"curies":[{"name":"wp","href":"https:\/\/api.w.org\/{rel}","templated":true}]}}